{"id":4509,"date":"2024-06-24T11:21:31","date_gmt":"2024-06-24T11:21:31","guid":{"rendered":"https:\/\/www.icastor.cz\/?page_id=4509"},"modified":"2024-06-24T11:28:29","modified_gmt":"2024-06-24T11:28:29","slug":"mimichef-bistro","status":"publish","type":"page","link":"https:\/\/www.icastor.cz\/index.php\/mimichef-bistro\/","title":{"rendered":"Mimichef bistro"},"content":{"rendered":"\t\t<div data-elementor-type=\"wp-page\" data-elementor-id=\"4509\" class=\"elementor elementor-4509\" data-elementor-post-type=\"page\">\n\t\t\t\t\t\t<section class=\"elementor-section elementor-top-section elementor-element elementor-element-2e6e5d4b elementor-section-boxed elementor-section-height-default elementor-section-height-default elementor-invisible\" data-id=\"2e6e5d4b\" data-element_type=\"section\" data-settings=\"{&quot;sticky&quot;:&quot;top&quot;,&quot;background_motion_fx_motion_fx_scrolling&quot;:&quot;yes&quot;,&quot;sticky_effects_offset&quot;:50,&quot;animation&quot;:&quot;fadeInDown&quot;,&quot;animation_delay&quot;:500,&quot;background_background&quot;:&quot;classic&quot;,&quot;animation_mobile&quot;:&quot;fadeInDown&quot;,&quot;background_motion_fx_devices&quot;:[&quot;desktop&quot;,&quot;tablet&quot;,&quot;mobile&quot;],&quot;_ha_eqh_enable&quot;:false,&quot;sticky_on&quot;:[&quot;desktop&quot;,&quot;tablet&quot;,&quot;mobile&quot;],&quot;sticky_offset&quot;:0}\">\n\t\t\t\t\t\t<div class=\"elementor-container elementor-column-gap-default\">\n\t\t\t\t\t<div class=\"elementor-column elementor-col-33 elementor-top-column elementor-element elementor-element-5197d9c3\" data-id=\"5197d9c3\" data-element_type=\"column\">\n\t\t\t<div class=\"elementor-widget-wrap elementor-element-populated\">\n\t\t\t\t\t\t<div class=\"elementor-element elementor-element-5c92cfc9 d-logo elementor-widget elementor-widget-image\" data-id=\"5c92cfc9\" data-element_type=\"widget\" data-widget_type=\"image.default\">\n\t\t\t\t<div class=\"elementor-widget-container\">\n\t\t\t\t\t\t\t\t\t\t\t\t\t\t<a href=\"https:\/\/www.icastor.cz\">\n\t\t\t\t\t\t\t<img decoding=\"async\" width=\"1\" height=\"1\" src=\"https:\/\/www.icastor.cz\/wp-content\/uploads\/2021\/05\/castor-logo-svg.svg\" class=\"attachment-full size-full wp-image-2469\" alt=\"\" \/>\t\t\t\t\t\t\t\t<\/a>\n\t\t\t\t\t\t\t\t\t\t\t\t\t<\/div>\n\t\t\t\t<\/div>\n\t\t\t\t\t<\/div>\n\t\t<\/div>\n\t\t\t\t<div class=\"elementor-column elementor-col-33 elementor-top-column elementor-element elementor-element-230bf570\" data-id=\"230bf570\" data-element_type=\"column\">\n\t\t\t<div class=\"elementor-widget-wrap elementor-element-populated\">\n\t\t\t\t\t\t<div class=\"elementor-element elementor-element-6d284f55 elementor-widget elementor-widget-shortcode\" data-id=\"6d284f55\" data-element_type=\"widget\" data-widget_type=\"shortcode.default\">\n\t\t\t\t<div class=\"elementor-widget-container\">\n\t\t\t\t\t<div class=\"elementor-shortcode\"><div class=\"gtranslate_wrapper\" id=\"gt-wrapper-15232499\"><\/div><\/div>\n\t\t\t\t<\/div>\n\t\t\t\t<\/div>\n\t\t\t\t\t<\/div>\n\t\t<\/div>\n\t\t\t\t<div class=\"elementor-column elementor-col-33 elementor-top-column elementor-element elementor-element-3d5232e7\" data-id=\"3d5232e7\" data-element_type=\"column\">\n\t\t\t<div class=\"elementor-widget-wrap elementor-element-populated\">\n\t\t\t\t\t\t<div class=\"elementor-element elementor-element-31ebf0a7 menu-black elementor-widget elementor-widget-image\" data-id=\"31ebf0a7\" data-element_type=\"widget\" data-widget_type=\"image.default\">\n\t\t\t\t<div class=\"elementor-widget-container\">\n\t\t\t\t\t\t\t\t\t\t\t\t\t\t<a href=\"#elementor-action%3Aaction%3Dpopup%3Aopen%26settings%3DeyJpZCI6IjYxMyIsInRvZ2dsZSI6ZmFsc2V9\">\n\t\t\t\t\t\t\t<img decoding=\"async\" width=\"1\" height=\"1\" src=\"https:\/\/www.icastor.cz\/wp-content\/uploads\/2021\/04\/dots-menu.svg\" class=\"attachment-full size-full wp-image-1021\" alt=\"\" \/>\t\t\t\t\t\t\t\t<\/a>\n\t\t\t\t\t\t\t\t\t\t\t\t\t<\/div>\n\t\t\t\t<\/div>\n\t\t\t\t\t<\/div>\n\t\t<\/div>\n\t\t\t\t\t<\/div>\n\t\t<\/section>\n\t\t\t\t<section class=\"elementor-section elementor-top-section elementor-element elementor-element-2619238e elementor-section-height-min-height elementor-section-content-middle elementor-section-boxed elementor-section-height-default elementor-section-items-middle\" data-id=\"2619238e\" data-element_type=\"section\" data-settings=\"{&quot;background_background&quot;:&quot;classic&quot;,&quot;_ha_eqh_enable&quot;:false}\">\n\t\t\t\t\t\t\t<div class=\"elementor-background-overlay\"><\/div>\n\t\t\t\t\t\t\t<div class=\"elementor-container elementor-column-gap-no\">\n\t\t\t\t\t<div class=\"elementor-column elementor-col-50 elementor-top-column elementor-element elementor-element-76c673d4\" data-id=\"76c673d4\" data-element_type=\"column\">\n\t\t\t<div class=\"elementor-widget-wrap elementor-element-populated\">\n\t\t\t\t\t\t<div class=\"elementor-element elementor-element-8a105e1 elementor-mobile-align-center elementor-invisible elementor-widget elementor-widget-button\" data-id=\"8a105e1\" data-element_type=\"widget\" data-settings=\"{&quot;_animation&quot;:&quot;fadeInUp&quot;,&quot;_animation_delay&quot;:1500}\" data-widget_type=\"button.default\">\n\t\t\t\t<div class=\"elementor-widget-container\">\n\t\t\t\t\t<div class=\"elementor-button-wrapper\">\n\t\t\t<a class=\"elementor-button elementor-button-link elementor-size-sm elementor-animation-float\" href=\"\/#pripravujeme\">\n\t\t\t\t\t\t<span class=\"elementor-button-content-wrapper\">\n\t\t\t\t\t\t<span class=\"elementor-button-icon elementor-align-icon-left\">\n\t\t\t\t<i aria-hidden=\"true\" class=\"fas fa-arrow-left\"><\/i>\t\t\t<\/span>\n\t\t\t\t\t\t<span class=\"elementor-button-text\">ZP\u011aT<\/span>\n\t\t<\/span>\n\t\t\t\t\t<\/a>\n\t\t<\/div>\n\t\t\t\t<\/div>\n\t\t\t\t<\/div>\n\t\t\t\t<div class=\"elementor-element elementor-element-700ea21a elementor-widget elementor-widget-heading\" data-id=\"700ea21a\" data-element_type=\"widget\" data-widget_type=\"heading.default\">\n\t\t\t\t<div class=\"elementor-widget-container\">\n\t\t\t<h5 class=\"elementor-heading-title elementor-size-default\">projekt<\/h5>\t\t<\/div>\n\t\t\t\t<\/div>\n\t\t\t\t<div class=\"elementor-element elementor-element-37dfbe66 elementor-widget elementor-widget-heading\" data-id=\"37dfbe66\" data-element_type=\"widget\" data-widget_type=\"heading.default\">\n\t\t\t\t<div class=\"elementor-widget-container\">\n\t\t\t<h2 class=\"elementor-heading-title elementor-size-default\">Mimichef bistro<\/h2>\t\t<\/div>\n\t\t\t\t<\/div>\n\t\t\t\t<div class=\"elementor-element elementor-element-305f203 elementor-widget elementor-widget-text-editor\" data-id=\"305f203\" data-element_type=\"widget\" data-widget_type=\"text-editor.default\">\n\t\t\t\t<div class=\"elementor-widget-container\">\n\t\t\t\t\t\t\t<p>Pod \u017di\u017ekovskou v\u011b\u017e\u00ed je zaveden\u00fd podnik, kter\u00fd jist\u011b m\u016f\u017ee dnes ji\u017e tvrdit, \u017ee pat\u0159\u00ed mezi nejpoutav\u011bj\u0161\u00ed zahradn\u00ed restaurace v Praze. V r\u00e1mci rozlehl\u00e9 zahrady vznikl objekt, kter\u00fd odbav\u00ed 36 000 n\u00e1v\u0161t\u011bvn\u00edku divadeln\u00ed sc\u00e9ny b\u011bhem letn\u00ed sez\u00f3ny, a to b\u011bhem divadeln\u00ed p\u0159est\u00e1vky. Tento objekt ov\u0161em otv\u00edr\u00e1 p\u0159\u00edjemnou protiv\u00e1hu ALA CARTE restauraci MIMINOO a p\u0159\u00edmo v jej\u00edm are\u00e1lu v jak\u00e9msi ostr\u016fvku nab\u00eddne klient\u016fm model BISTRO. Odleh\u010den\u00fd servis. N\u00e1lada st\u0159edomo\u0159sk\u00e9ho BISTRA. Bar, to\u010den\u00e9 pivo, skv\u011bl\u00e1 k\u00e1va, v\u00edna tich\u00e1 a perliv\u00e1, to\u010den\u00e1 zmrzlina, antipasty program, oblo\u017een\u00e9 chleby, dom\u00e1c\u00ed pe\u010divo p\u0159\u00edmo z pece v\u010detn\u011b croissant\u016f. V BISTRU bude tak\u00e9 CHLAZEN\u00dd BOX, p\u0159esn\u011bji temperovan\u00e1 zr\u00e1rna parmsk\u00fdch \u0161unek a dal\u0161\u00edch uzenin. Host bude v rozkvetl\u00e9 zahrad\u011b are\u00e1lu sou\u010d\u00e1st\u00ed cel\u00e9ho p\u0159\u00edb\u011bhu a mediter\u00e1nsk\u00e9 gastronomie pod \u017di\u017ekovskou v\u011b\u017e\u00ed.<\/p>\t\t\t\t\t\t<\/div>\n\t\t\t\t<\/div>\n\t\t\t\t\t<\/div>\n\t\t<\/div>\n\t\t\t\t<div class=\"elementor-column elementor-col-50 elementor-top-column elementor-element elementor-element-70d5fd2d\" data-id=\"70d5fd2d\" data-element_type=\"column\">\n\t\t\t<div class=\"elementor-widget-wrap elementor-element-populated\">\n\t\t\t\t\t\t<div class=\"elementor-element elementor-element-860c02c elementor-invisible elementor-widget elementor-widget-image\" data-id=\"860c02c\" data-element_type=\"widget\" data-settings=\"{&quot;_animation&quot;:&quot;fadeInUp&quot;,&quot;_animation_delay&quot;:600}\" data-widget_type=\"image.default\">\n\t\t\t\t<div class=\"elementor-widget-container\">\n\t\t\t\t\t\t\t\t\t\t\t\t\t<img fetchpriority=\"high\" decoding=\"async\" width=\"800\" height=\"445\" src=\"https:\/\/www.icastor.cz\/wp-content\/uploads\/2024\/06\/Cam_01_den_5-1024x569.jpg\" class=\"attachment-large size-large wp-image-4501\" alt=\"\" srcset=\"https:\/\/www.icastor.cz\/wp-content\/uploads\/2024\/06\/Cam_01_den_5-1024x569.jpg 1024w, https:\/\/www.icastor.cz\/wp-content\/uploads\/2024\/06\/Cam_01_den_5-300x167.jpg 300w, https:\/\/www.icastor.cz\/wp-content\/uploads\/2024\/06\/Cam_01_den_5-768x427.jpg 768w, https:\/\/www.icastor.cz\/wp-content\/uploads\/2024\/06\/Cam_01_den_5.jpg 1200w\" sizes=\"(max-width: 800px) 100vw, 800px\" \/>\t\t\t\t\t\t\t\t\t\t\t\t\t<\/div>\n\t\t\t\t<\/div>\n\t\t\t\t\t<\/div>\n\t\t<\/div>\n\t\t\t\t\t<\/div>\n\t\t<\/section>\n\t\t\t\t<section class=\"elementor-section elementor-top-section elementor-element elementor-element-6a169aa elementor-section-boxed elementor-section-height-default elementor-section-height-default\" data-id=\"6a169aa\" data-element_type=\"section\" data-settings=\"{&quot;_ha_eqh_enable&quot;:false}\">\n\t\t\t\t\t\t<div class=\"elementor-container elementor-column-gap-default\">\n\t\t\t\t\t<div class=\"elementor-column elementor-col-100 elementor-top-column elementor-element elementor-element-1c1dfb0\" data-id=\"1c1dfb0\" data-element_type=\"column\">\n\t\t\t<div class=\"elementor-widget-wrap elementor-element-populated\">\n\t\t\t\t\t\t<div class=\"elementor-element elementor-element-1855838 elementor-widget elementor-widget-gallery\" data-id=\"1855838\" data-element_type=\"widget\" data-settings=\"{&quot;gallery_layout&quot;:&quot;justified&quot;,&quot;gap&quot;:{&quot;unit&quot;:&quot;px&quot;,&quot;size&quot;:30,&quot;sizes&quot;:[]},&quot;ideal_row_height&quot;:{&quot;unit&quot;:&quot;px&quot;,&quot;size&quot;:255,&quot;sizes&quot;:[]},&quot;ideal_row_height_mobile&quot;:{&quot;unit&quot;:&quot;px&quot;,&quot;size&quot;:121,&quot;sizes&quot;:[]},&quot;lazyload&quot;:&quot;yes&quot;,&quot;ideal_row_height_tablet&quot;:{&quot;unit&quot;:&quot;px&quot;,&quot;size&quot;:150,&quot;sizes&quot;:[]},&quot;gap_tablet&quot;:{&quot;unit&quot;:&quot;px&quot;,&quot;size&quot;:10,&quot;sizes&quot;:[]},&quot;gap_mobile&quot;:{&quot;unit&quot;:&quot;px&quot;,&quot;size&quot;:10,&quot;sizes&quot;:[]},&quot;link_to&quot;:&quot;file&quot;,&quot;overlay_background&quot;:&quot;yes&quot;,&quot;content_hover_animation&quot;:&quot;fade-in&quot;}\" data-widget_type=\"gallery.default\">\n\t\t\t\t<div class=\"elementor-widget-container\">\n\t\t\t\t\t<div class=\"elementor-gallery__container\">\n\t\t\t\t\t\t\t<a class=\"e-gallery-item elementor-gallery-item elementor-animated-content\" href=\"https:\/\/www.icastor.cz\/wp-content\/uploads\/2024\/06\/Cam_03_noc_5.jpg\" data-elementor-open-lightbox=\"yes\" data-elementor-lightbox-slideshow=\"1855838\" data-e-action-hash=\"#elementor-action%3Aaction%3Dlightbox%26settings%3DeyJpZCI6NDUwMiwidXJsIjoiaHR0cHM6XC9cL3d3dy5pY2FzdG9yLmN6XC93cC1jb250ZW50XC91cGxvYWRzXC8yMDI0XC8wNlwvQ2FtXzAzX25vY181LmpwZyIsInNsaWRlc2hvdyI6IjE4NTU4MzgifQ%3D%3D\">\n\t\t\t\t\t<div class=\"e-gallery-image elementor-gallery-item__image\" data-thumbnail=\"https:\/\/www.icastor.cz\/wp-content\/uploads\/2024\/06\/Cam_03_noc_5-1024x451.jpg\" data-width=\"800\" data-height=\"352\" aria-label=\"\" role=\"img\" ><\/div>\n\t\t\t\t\t\t\t\t\t\t\t<div class=\"elementor-gallery-item__overlay\"><\/div>\n\t\t\t\t\t\t\t\t\t\t\t\t\t\t<\/a>\n\t\t\t\t\t\t\t<a class=\"e-gallery-item elementor-gallery-item elementor-animated-content\" href=\"https:\/\/www.icastor.cz\/wp-content\/uploads\/2024\/06\/383085386_10225079697881734_6855041845145989563_n.jpg\" data-elementor-open-lightbox=\"yes\" data-elementor-lightbox-slideshow=\"1855838\" data-e-action-hash=\"#elementor-action%3Aaction%3Dlightbox%26settings%3DeyJpZCI6NDUwMCwidXJsIjoiaHR0cHM6XC9cL3d3dy5pY2FzdG9yLmN6XC93cC1jb250ZW50XC91cGxvYWRzXC8yMDI0XC8wNlwvMzgzMDg1Mzg2XzEwMjI1MDc5Njk3ODgxNzM0XzY4NTUwNDE4NDUxNDU5ODk1NjNfbi5qcGciLCJzbGlkZXNob3ciOiIxODU1ODM4In0%3D\">\n\t\t\t\t\t<div class=\"e-gallery-image elementor-gallery-item__image\" data-thumbnail=\"https:\/\/www.icastor.cz\/wp-content\/uploads\/2024\/06\/383085386_10225079697881734_6855041845145989563_n-874x1024.jpg\" data-width=\"800\" data-height=\"937\" aria-label=\"\" role=\"img\" ><\/div>\n\t\t\t\t\t\t\t\t\t\t\t<div class=\"elementor-gallery-item__overlay\"><\/div>\n\t\t\t\t\t\t\t\t\t\t\t\t\t\t<\/a>\n\t\t\t\t\t\t\t<a class=\"e-gallery-item elementor-gallery-item elementor-animated-content\" href=\"https:\/\/www.icastor.cz\/wp-content\/uploads\/2024\/06\/382984917_10225079774043638_6079941375565048520_n.jpg\" data-elementor-open-lightbox=\"yes\" data-elementor-lightbox-slideshow=\"1855838\" data-e-action-hash=\"#elementor-action%3Aaction%3Dlightbox%26settings%3DeyJpZCI6NDQ5OSwidXJsIjoiaHR0cHM6XC9cL3d3dy5pY2FzdG9yLmN6XC93cC1jb250ZW50XC91cGxvYWRzXC8yMDI0XC8wNlwvMzgyOTg0OTE3XzEwMjI1MDc5Nzc0MDQzNjM4XzYwNzk5NDEzNzU1NjUwNDg1MjBfbi5qcGciLCJzbGlkZXNob3ciOiIxODU1ODM4In0%3D\">\n\t\t\t\t\t<div class=\"e-gallery-image elementor-gallery-item__image\" data-thumbnail=\"https:\/\/www.icastor.cz\/wp-content\/uploads\/2024\/06\/382984917_10225079774043638_6079941375565048520_n-1024x683.jpg\" data-width=\"800\" data-height=\"534\" aria-label=\"\" role=\"img\" ><\/div>\n\t\t\t\t\t\t\t\t\t\t\t<div class=\"elementor-gallery-item__overlay\"><\/div>\n\t\t\t\t\t\t\t\t\t\t\t\t\t\t<\/a>\n\t\t\t\t\t\t\t<a class=\"e-gallery-item elementor-gallery-item elementor-animated-content\" href=\"https:\/\/www.icastor.cz\/wp-content\/uploads\/2024\/06\/382457756_10225079735242668_1531322199648579553_n.jpg\" data-elementor-open-lightbox=\"yes\" data-elementor-lightbox-slideshow=\"1855838\" data-e-action-hash=\"#elementor-action%3Aaction%3Dlightbox%26settings%3DeyJpZCI6NDQ5OCwidXJsIjoiaHR0cHM6XC9cL3d3dy5pY2FzdG9yLmN6XC93cC1jb250ZW50XC91cGxvYWRzXC8yMDI0XC8wNlwvMzgyNDU3NzU2XzEwMjI1MDc5NzM1MjQyNjY4XzE1MzEzMjIxOTk2NDg1Nzk1NTNfbi5qcGciLCJzbGlkZXNob3ciOiIxODU1ODM4In0%3D\">\n\t\t\t\t\t<div class=\"e-gallery-image elementor-gallery-item__image\" data-thumbnail=\"https:\/\/www.icastor.cz\/wp-content\/uploads\/2024\/06\/382457756_10225079735242668_1531322199648579553_n-1024x683.jpg\" data-width=\"800\" data-height=\"534\" aria-label=\"\" role=\"img\" ><\/div>\n\t\t\t\t\t\t\t\t\t\t\t<div class=\"elementor-gallery-item__overlay\"><\/div>\n\t\t\t\t\t\t\t\t\t\t\t\t\t\t<\/a>\n\t\t\t\t\t\t\t<a class=\"e-gallery-item elementor-gallery-item elementor-animated-content\" href=\"https:\/\/www.icastor.cz\/wp-content\/uploads\/2024\/06\/382455606_10225079724082389_687802411505902971_n.jpg\" data-elementor-open-lightbox=\"yes\" data-elementor-lightbox-slideshow=\"1855838\" data-e-action-hash=\"#elementor-action%3Aaction%3Dlightbox%26settings%3DeyJpZCI6NDQ5NywidXJsIjoiaHR0cHM6XC9cL3d3dy5pY2FzdG9yLmN6XC93cC1jb250ZW50XC91cGxvYWRzXC8yMDI0XC8wNlwvMzgyNDU1NjA2XzEwMjI1MDc5NzI0MDgyMzg5XzY4NzgwMjQxMTUwNTkwMjk3MV9uLmpwZyIsInNsaWRlc2hvdyI6IjE4NTU4MzgifQ%3D%3D\">\n\t\t\t\t\t<div class=\"e-gallery-image elementor-gallery-item__image\" data-thumbnail=\"https:\/\/www.icastor.cz\/wp-content\/uploads\/2024\/06\/382455606_10225079724082389_687802411505902971_n-1007x1024.jpg\" data-width=\"800\" data-height=\"814\" aria-label=\"\" role=\"img\" ><\/div>\n\t\t\t\t\t\t\t\t\t\t\t<div class=\"elementor-gallery-item__overlay\"><\/div>\n\t\t\t\t\t\t\t\t\t\t\t\t\t\t<\/a>\n\t\t\t\t\t\t\t<a class=\"e-gallery-item elementor-gallery-item elementor-animated-content\" href=\"https:\/\/www.icastor.cz\/wp-content\/uploads\/2024\/06\/382416934_10225079742242843_1163313296357056785_n.jpg\" data-elementor-open-lightbox=\"yes\" data-elementor-lightbox-slideshow=\"1855838\" data-e-action-hash=\"#elementor-action%3Aaction%3Dlightbox%26settings%3DeyJpZCI6NDQ5NiwidXJsIjoiaHR0cHM6XC9cL3d3dy5pY2FzdG9yLmN6XC93cC1jb250ZW50XC91cGxvYWRzXC8yMDI0XC8wNlwvMzgyNDE2OTM0XzEwMjI1MDc5NzQyMjQyODQzXzExNjMzMTMyOTYzNTcwNTY3ODVfbi5qcGciLCJzbGlkZXNob3ciOiIxODU1ODM4In0%3D\">\n\t\t\t\t\t<div class=\"e-gallery-image elementor-gallery-item__image\" data-thumbnail=\"https:\/\/www.icastor.cz\/wp-content\/uploads\/2024\/06\/382416934_10225079742242843_1163313296357056785_n-1024x934.jpg\" data-width=\"800\" data-height=\"730\" aria-label=\"\" role=\"img\" ><\/div>\n\t\t\t\t\t\t\t\t\t\t\t<div class=\"elementor-gallery-item__overlay\"><\/div>\n\t\t\t\t\t\t\t\t\t\t\t\t\t\t<\/a>\n\t\t\t\t\t<\/div>\n\t\t\t<\/div>\n\t\t\t\t<\/div>\n\t\t\t\t\t<\/div>\n\t\t<\/div>\n\t\t\t\t\t<\/div>\n\t\t<\/section>\n\t\t\t\t<section class=\"elementor-section elementor-top-section elementor-element elementor-element-a2af9f6 elementor-section-boxed elementor-section-height-default elementor-section-height-default\" data-id=\"a2af9f6\" data-element_type=\"section\" data-settings=\"{&quot;_ha_eqh_enable&quot;:false}\">\n\t\t\t\t\t\t<div class=\"elementor-container elementor-column-gap-default\">\n\t\t\t\t\t<div class=\"elementor-column elementor-col-100 elementor-top-column elementor-element elementor-element-873489b\" data-id=\"873489b\" data-element_type=\"column\">\n\t\t\t<div class=\"elementor-widget-wrap elementor-element-populated\">\n\t\t\t\t\t\t<div class=\"elementor-element elementor-element-25c3670 elementor-widget elementor-widget-text-editor\" data-id=\"25c3670\" data-element_type=\"widget\" data-widget_type=\"text-editor.default\">\n\t\t\t\t<div class=\"elementor-widget-container\">\n\t\t\t\t\t\t\t<p>V\u0161echna pr\u00e1va vyhrazena. Obsah tohoto webu podl\u00e9h\u00e1 autorsk\u00e9mu pr\u00e1vu a ve\u0161ker\u00fd jeho obsah je bez souhlasu provozovatele webu zak\u00e1z\u00e1no kop\u00edrovat, reprodukovat a u\u017e\u00edvat jak\u00fdmkoliv zp\u016fsobem.\u00a0<\/p>\t\t\t\t\t\t<\/div>\n\t\t\t\t<\/div>\n\t\t\t\t\t<\/div>\n\t\t<\/div>\n\t\t\t\t\t<\/div>\n\t\t<\/section>\n\t\t\t\t<footer class=\"elementor-section elementor-top-section elementor-element elementor-element-22426573 elementor-section-height-min-height elementor-section-content-middle elementor-section-boxed elementor-section-height-default elementor-section-items-middle\" data-id=\"22426573\" data-element_type=\"section\" data-settings=\"{&quot;background_background&quot;:&quot;classic&quot;,&quot;_ha_eqh_enable&quot;:false}\">\n\t\t\t\t\t\t<div class=\"elementor-container elementor-column-gap-default\">\n\t\t\t\t\t<div class=\"elementor-column elementor-col-50 elementor-top-column elementor-element elementor-element-45ca3b1c\" data-id=\"45ca3b1c\" data-element_type=\"column\">\n\t\t\t<div class=\"elementor-widget-wrap elementor-element-populated\">\n\t\t\t\t\t\t<div class=\"elementor-element elementor-element-8b6f0d2 elementor-widget elementor-widget-heading\" data-id=\"8b6f0d2\" data-element_type=\"widget\" data-widget_type=\"heading.default\">\n\t\t\t\t<div class=\"elementor-widget-container\">\n\t\t\t<h3 class=\"elementor-heading-title elementor-size-default\">Copyright 2021 \u00a9 Castor Barnoth s.r.o.<\/h3>\t\t<\/div>\n\t\t\t\t<\/div>\n\t\t\t\t\t<\/div>\n\t\t<\/div>\n\t\t\t\t<div class=\"elementor-column elementor-col-50 elementor-top-column elementor-element elementor-element-49c4ac96\" data-id=\"49c4ac96\" data-element_type=\"column\">\n\t\t\t<div class=\"elementor-widget-wrap elementor-element-populated\">\n\t\t\t\t\t\t<div class=\"elementor-element elementor-element-8463df1 elementor-widget elementor-widget-text-editor\" data-id=\"8463df1\" data-element_type=\"widget\" data-widget_type=\"text-editor.default\">\n\t\t\t\t<div class=\"elementor-widget-container\">\n\t\t\t\t\t\t\t<p class=\"elementor-heading-title elementor-size-default elementor-inline-editing pen\" style=\"line-height: 1; margin-bottom: 0px; font-size: 12px;\" title=\"\" data-pen-placeholder=\"Pi\u0161te zde...\">Made by <a href=\"https:\/\/www.amazual.cz\" target=\"_blank\" rel=\"noopener\">AMAZUAL<\/a><\/p>\t\t\t\t\t\t<\/div>\n\t\t\t\t<\/div>\n\t\t\t\t\t<\/div>\n\t\t<\/div>\n\t\t\t\t\t<\/div>\n\t\t<\/footer>\n\t\t\t\t<\/div>\n\t\t","protected":false},"excerpt":{"rendered":"<p>ZP\u011aT projekt Pod \u017di\u017ekovskou v\u011b\u017e\u00ed je zaveden\u00fd podnik, kter\u00fd jist\u011b m\u016f\u017ee dnes ji\u017e tvrdit, \u017ee pat\u0159\u00ed mezi nejpoutav\u011bj\u0161\u00ed zahradn\u00ed restaurace v Praze. V r\u00e1mci rozlehl\u00e9 zahrady vznikl objekt, kter\u00fd odbav\u00ed 36 000 n\u00e1v\u0161t\u011bvn\u00edku divadeln\u00ed sc\u00e9ny b\u011bhem letn\u00ed sez\u00f3ny, a to b\u011bhem divadeln\u00ed p\u0159est\u00e1vky. Tento objekt ov\u0161em otv\u00edr\u00e1 p\u0159\u00edjemnou protiv\u00e1hu ALA CARTE restauraci MIMINOO a p\u0159\u00edmo [&hellip;]<\/p>\n","protected":false},"author":2,"featured_media":0,"parent":0,"menu_order":0,"comment_status":"closed","ping_status":"closed","template":"elementor_canvas","meta":{"inline_featured_image":false,"footnotes":""},"_links":{"self":[{"href":"https:\/\/www.icastor.cz\/index.php\/wp-json\/wp\/v2\/pages\/4509"}],"collection":[{"href":"https:\/\/www.icastor.cz\/index.php\/wp-json\/wp\/v2\/pages"}],"about":[{"href":"https:\/\/www.icastor.cz\/index.php\/wp-json\/wp\/v2\/types\/page"}],"author":[{"embeddable":true,"href":"https:\/\/www.icastor.cz\/index.php\/wp-json\/wp\/v2\/users\/2"}],"replies":[{"embeddable":true,"href":"https:\/\/www.icastor.cz\/index.php\/wp-json\/wp\/v2\/comments?post=4509"}],"version-history":[{"count":2,"href":"https:\/\/www.icastor.cz\/index.php\/wp-json\/wp\/v2\/pages\/4509\/revisions"}],"predecessor-version":[{"id":4525,"href":"https:\/\/www.icastor.cz\/index.php\/wp-json\/wp\/v2\/pages\/4509\/revisions\/4525"}],"wp:attachment":[{"href":"https:\/\/www.icastor.cz\/index.php\/wp-json\/wp\/v2\/media?parent=4509"}],"curies":[{"name":"wp","href":"https:\/\/api.w.org\/{rel}","templated":true}]}}