{"id":3096,"date":"2021-05-18T06:19:02","date_gmt":"2021-05-18T06:19:02","guid":{"rendered":"https:\/\/www.icastor.cz\/?page_id=3096"},"modified":"2022-03-08T10:32:32","modified_gmt":"2022-03-08T10:32:32","slug":"miminoo-bistro","status":"publish","type":"page","link":"https:\/\/www.icastor.cz\/index.php\/miminoo-bistro\/","title":{"rendered":"Miminoo bistro"},"content":{"rendered":"\t\t<div data-elementor-type=\"wp-page\" data-elementor-id=\"3096\" class=\"elementor elementor-3096\" data-elementor-post-type=\"page\">\n\t\t\t\t\t\t<section class=\"elementor-section elementor-top-section elementor-element elementor-element-11ee54b9 elementor-section-boxed elementor-section-height-default elementor-section-height-default elementor-invisible\" data-id=\"11ee54b9\" data-element_type=\"section\" data-settings=\"{&quot;sticky&quot;:&quot;top&quot;,&quot;background_motion_fx_motion_fx_scrolling&quot;:&quot;yes&quot;,&quot;sticky_effects_offset&quot;:50,&quot;animation&quot;:&quot;fadeInDown&quot;,&quot;animation_delay&quot;:500,&quot;background_background&quot;:&quot;classic&quot;,&quot;animation_mobile&quot;:&quot;fadeInDown&quot;,&quot;background_motion_fx_devices&quot;:[&quot;desktop&quot;,&quot;tablet&quot;,&quot;mobile&quot;],&quot;_ha_eqh_enable&quot;:false,&quot;sticky_on&quot;:[&quot;desktop&quot;,&quot;tablet&quot;,&quot;mobile&quot;],&quot;sticky_offset&quot;:0}\">\n\t\t\t\t\t\t<div class=\"elementor-container elementor-column-gap-default\">\n\t\t\t\t\t<div class=\"elementor-column elementor-col-33 elementor-top-column elementor-element elementor-element-3f0ccf68\" data-id=\"3f0ccf68\" data-element_type=\"column\">\n\t\t\t<div class=\"elementor-widget-wrap elementor-element-populated\">\n\t\t\t\t\t\t<div class=\"elementor-element elementor-element-5a6d3db6 d-logo elementor-widget elementor-widget-image\" data-id=\"5a6d3db6\" data-element_type=\"widget\" data-widget_type=\"image.default\">\n\t\t\t\t<div class=\"elementor-widget-container\">\n\t\t\t\t\t\t\t\t\t\t\t\t\t\t<a href=\"https:\/\/www.icastor.cz\">\n\t\t\t\t\t\t\t<img decoding=\"async\" width=\"1\" height=\"1\" src=\"https:\/\/www.icastor.cz\/wp-content\/uploads\/2021\/05\/castor-logo-svg.svg\" class=\"attachment-full size-full wp-image-2469\" alt=\"\" \/>\t\t\t\t\t\t\t\t<\/a>\n\t\t\t\t\t\t\t\t\t\t\t\t\t<\/div>\n\t\t\t\t<\/div>\n\t\t\t\t\t<\/div>\n\t\t<\/div>\n\t\t\t\t<div class=\"elementor-column elementor-col-33 elementor-top-column elementor-element elementor-element-1fa59b70\" data-id=\"1fa59b70\" data-element_type=\"column\">\n\t\t\t<div class=\"elementor-widget-wrap elementor-element-populated\">\n\t\t\t\t\t\t<div class=\"elementor-element elementor-element-34ffa5cb elementor-widget elementor-widget-shortcode\" data-id=\"34ffa5cb\" data-element_type=\"widget\" data-widget_type=\"shortcode.default\">\n\t\t\t\t<div class=\"elementor-widget-container\">\n\t\t\t\t\t<div class=\"elementor-shortcode\"><div class=\"gtranslate_wrapper\" id=\"gt-wrapper-59808478\"><\/div><\/div>\n\t\t\t\t<\/div>\n\t\t\t\t<\/div>\n\t\t\t\t\t<\/div>\n\t\t<\/div>\n\t\t\t\t<div class=\"elementor-column elementor-col-33 elementor-top-column elementor-element elementor-element-9de5054\" data-id=\"9de5054\" data-element_type=\"column\">\n\t\t\t<div class=\"elementor-widget-wrap elementor-element-populated\">\n\t\t\t\t\t\t<div class=\"elementor-element elementor-element-3fb35154 menu-black elementor-widget elementor-widget-image\" data-id=\"3fb35154\" data-element_type=\"widget\" data-widget_type=\"image.default\">\n\t\t\t\t<div class=\"elementor-widget-container\">\n\t\t\t\t\t\t\t\t\t\t\t\t\t\t<a href=\"#elementor-action%3Aaction%3Dpopup%3Aopen%26settings%3DeyJpZCI6IjYxMyIsInRvZ2dsZSI6ZmFsc2V9\">\n\t\t\t\t\t\t\t<img decoding=\"async\" width=\"1\" height=\"1\" src=\"https:\/\/www.icastor.cz\/wp-content\/uploads\/2021\/04\/dots-menu.svg\" class=\"attachment-full size-full wp-image-1021\" alt=\"\" \/>\t\t\t\t\t\t\t\t<\/a>\n\t\t\t\t\t\t\t\t\t\t\t\t\t<\/div>\n\t\t\t\t<\/div>\n\t\t\t\t\t<\/div>\n\t\t<\/div>\n\t\t\t\t\t<\/div>\n\t\t<\/section>\n\t\t\t\t<section class=\"elementor-section elementor-top-section elementor-element elementor-element-2619238e elementor-section-height-min-height elementor-section-content-middle elementor-section-boxed elementor-section-height-default elementor-section-items-middle\" data-id=\"2619238e\" data-element_type=\"section\" data-settings=\"{&quot;background_background&quot;:&quot;classic&quot;,&quot;_ha_eqh_enable&quot;:false}\">\n\t\t\t\t\t\t\t<div class=\"elementor-background-overlay\"><\/div>\n\t\t\t\t\t\t\t<div class=\"elementor-container elementor-column-gap-no\">\n\t\t\t\t\t<div class=\"elementor-column elementor-col-50 elementor-top-column elementor-element elementor-element-76c673d4\" data-id=\"76c673d4\" data-element_type=\"column\">\n\t\t\t<div class=\"elementor-widget-wrap elementor-element-populated\">\n\t\t\t\t\t\t<div class=\"elementor-element elementor-element-8a105e1 elementor-mobile-align-center elementor-invisible elementor-widget elementor-widget-button\" data-id=\"8a105e1\" data-element_type=\"widget\" data-settings=\"{&quot;_animation&quot;:&quot;fadeInUp&quot;,&quot;_animation_delay&quot;:1500}\" data-widget_type=\"button.default\">\n\t\t\t\t<div class=\"elementor-widget-container\">\n\t\t\t\t\t<div class=\"elementor-button-wrapper\">\n\t\t\t<a class=\"elementor-button elementor-button-link elementor-size-sm elementor-animation-float\" href=\"\/#pripravujeme\">\n\t\t\t\t\t\t<span class=\"elementor-button-content-wrapper\">\n\t\t\t\t\t\t<span class=\"elementor-button-icon elementor-align-icon-left\">\n\t\t\t\t<i aria-hidden=\"true\" class=\"fas fa-arrow-left\"><\/i>\t\t\t<\/span>\n\t\t\t\t\t\t<span class=\"elementor-button-text\">ZP\u011aT<\/span>\n\t\t<\/span>\n\t\t\t\t\t<\/a>\n\t\t<\/div>\n\t\t\t\t<\/div>\n\t\t\t\t<\/div>\n\t\t\t\t<div class=\"elementor-element elementor-element-700ea21a elementor-widget elementor-widget-heading\" data-id=\"700ea21a\" data-element_type=\"widget\" data-widget_type=\"heading.default\">\n\t\t\t\t<div class=\"elementor-widget-container\">\n\t\t\t<h5 class=\"elementor-heading-title elementor-size-default\">projekt<\/h5>\t\t<\/div>\n\t\t\t\t<\/div>\n\t\t\t\t<div class=\"elementor-element elementor-element-37dfbe66 elementor-widget elementor-widget-heading\" data-id=\"37dfbe66\" data-element_type=\"widget\" data-widget_type=\"heading.default\">\n\t\t\t\t<div class=\"elementor-widget-container\">\n\t\t\t<h2 class=\"elementor-heading-title elementor-size-default\">Miminoo bistro<\/h2>\t\t<\/div>\n\t\t\t\t<\/div>\n\t\t\t\t<div class=\"elementor-element elementor-element-305f203 elementor-widget elementor-widget-text-editor\" data-id=\"305f203\" data-element_type=\"widget\" data-widget_type=\"text-editor.default\">\n\t\t\t\t<div class=\"elementor-widget-container\">\n\t\t\t\t\t\t\t<div class=\"page\" title=\"Page 7\"><div class=\"section\"><div class=\"layoutArea\"><div class=\"column\"><div class=\"page\" title=\"Page 13\"><div class=\"section\"><div class=\"layoutArea\"><div class=\"column\"><p>Pro \u00fasp\u011b\u0161n\u00fd projekt MIMINOO stav\u00edme dal\u0161\u00ed provozn\u00ed jednotku. Kter\u00e1 by m\u011bla zavr\u0161it cel\u00fd koncept MIMINOO. Otev\u0159en\u00e9 BISTRO uprost\u0159ed parku poskytne n\u00e1v\u0161t\u011bvn\u00edk\u016fm rychl\u00e9 ob\u010derstven\u00ed a informace o cel\u00e9m TOWER PARK. Proto\u017ee toto bistro bude dostupn\u00e9 i GARDEN MIMINOO dopln\u00ed nab\u00eddku t\u00e9to restaurace.<\/p><\/div><\/div><\/div><\/div><\/div><\/div><\/div><\/div>\t\t\t\t\t\t<\/div>\n\t\t\t\t<\/div>\n\t\t\t\t\t<\/div>\n\t\t<\/div>\n\t\t\t\t<div class=\"elementor-column elementor-col-50 elementor-top-column elementor-element elementor-element-70d5fd2d\" data-id=\"70d5fd2d\" data-element_type=\"column\">\n\t\t\t<div class=\"elementor-widget-wrap elementor-element-populated\">\n\t\t\t\t\t\t<div class=\"elementor-element elementor-element-860c02c elementor-invisible elementor-widget elementor-widget-image\" data-id=\"860c02c\" data-element_type=\"widget\" data-settings=\"{&quot;_animation&quot;:&quot;fadeInUp&quot;,&quot;_animation_delay&quot;:600}\" data-widget_type=\"image.default\">\n\t\t\t\t<div class=\"elementor-widget-container\">\n\t\t\t\t\t\t\t\t\t\t\t\t\t<img fetchpriority=\"high\" decoding=\"async\" width=\"800\" height=\"552\" src=\"https:\/\/www.icastor.cz\/wp-content\/uploads\/2021\/05\/Snimek-obrazovky-2021-05-18-v-8.21.17.png\" class=\"attachment-large size-large wp-image-3099\" alt=\"\" srcset=\"https:\/\/www.icastor.cz\/wp-content\/uploads\/2021\/05\/Snimek-obrazovky-2021-05-18-v-8.21.17.png 1000w, https:\/\/www.icastor.cz\/wp-content\/uploads\/2021\/05\/Snimek-obrazovky-2021-05-18-v-8.21.17-300x207.png 300w, https:\/\/www.icastor.cz\/wp-content\/uploads\/2021\/05\/Snimek-obrazovky-2021-05-18-v-8.21.17-768x530.png 768w\" sizes=\"(max-width: 800px) 100vw, 800px\" \/>\t\t\t\t\t\t\t\t\t\t\t\t\t<\/div>\n\t\t\t\t<\/div>\n\t\t\t\t\t<\/div>\n\t\t<\/div>\n\t\t\t\t\t<\/div>\n\t\t<\/section>\n\t\t\t\t<section class=\"elementor-section elementor-top-section elementor-element elementor-element-6a169aa elementor-section-boxed elementor-section-height-default elementor-section-height-default\" data-id=\"6a169aa\" data-element_type=\"section\" data-settings=\"{&quot;_ha_eqh_enable&quot;:false}\">\n\t\t\t\t\t\t<div class=\"elementor-container elementor-column-gap-default\">\n\t\t\t\t\t<div class=\"elementor-column elementor-col-100 elementor-top-column elementor-element elementor-element-1c1dfb0\" data-id=\"1c1dfb0\" data-element_type=\"column\">\n\t\t\t<div class=\"elementor-widget-wrap elementor-element-populated\">\n\t\t\t\t\t\t<div class=\"elementor-element elementor-element-1855838 elementor-widget elementor-widget-gallery\" data-id=\"1855838\" data-element_type=\"widget\" data-settings=\"{&quot;gallery_layout&quot;:&quot;justified&quot;,&quot;gap&quot;:{&quot;unit&quot;:&quot;px&quot;,&quot;size&quot;:30,&quot;sizes&quot;:[]},&quot;ideal_row_height&quot;:{&quot;unit&quot;:&quot;px&quot;,&quot;size&quot;:255,&quot;sizes&quot;:[]},&quot;ideal_row_height_mobile&quot;:{&quot;unit&quot;:&quot;px&quot;,&quot;size&quot;:121,&quot;sizes&quot;:[]},&quot;lazyload&quot;:&quot;yes&quot;,&quot;ideal_row_height_tablet&quot;:{&quot;unit&quot;:&quot;px&quot;,&quot;size&quot;:150,&quot;sizes&quot;:[]},&quot;gap_tablet&quot;:{&quot;unit&quot;:&quot;px&quot;,&quot;size&quot;:10,&quot;sizes&quot;:[]},&quot;gap_mobile&quot;:{&quot;unit&quot;:&quot;px&quot;,&quot;size&quot;:10,&quot;sizes&quot;:[]},&quot;link_to&quot;:&quot;file&quot;,&quot;overlay_background&quot;:&quot;yes&quot;,&quot;content_hover_animation&quot;:&quot;fade-in&quot;}\" data-widget_type=\"gallery.default\">\n\t\t\t\t<div class=\"elementor-widget-container\">\n\t\t\t\t\t<div class=\"elementor-gallery__container\">\n\t\t\t\t\t\t\t<a class=\"e-gallery-item elementor-gallery-item elementor-animated-content\" href=\"https:\/\/www.icastor.cz\/wp-content\/uploads\/2021\/05\/Snimek-obrazovky-2021-05-18-v-8.21.17.png\" data-elementor-open-lightbox=\"yes\" data-elementor-lightbox-slideshow=\"1855838\" data-e-action-hash=\"#elementor-action%3Aaction%3Dlightbox%26settings%3DeyJpZCI6MzA5OSwidXJsIjoiaHR0cHM6XC9cL3d3dy5pY2FzdG9yLmN6XC93cC1jb250ZW50XC91cGxvYWRzXC8yMDIxXC8wNVwvU25pbWVrLW9icmF6b3ZreS0yMDIxLTA1LTE4LXYtOC4yMS4xNy5wbmciLCJzbGlkZXNob3ciOiIxODU1ODM4In0%3D\">\n\t\t\t\t\t<div class=\"e-gallery-image elementor-gallery-item__image\" data-thumbnail=\"https:\/\/www.icastor.cz\/wp-content\/uploads\/2021\/05\/Snimek-obrazovky-2021-05-18-v-8.21.17.png\" data-width=\"800\" data-height=\"552\" aria-label=\"\" role=\"img\" ><\/div>\n\t\t\t\t\t\t\t\t\t\t\t<div class=\"elementor-gallery-item__overlay\"><\/div>\n\t\t\t\t\t\t\t\t\t\t\t\t\t\t<\/a>\n\t\t\t\t\t\t\t<a class=\"e-gallery-item elementor-gallery-item elementor-animated-content\" href=\"https:\/\/www.icastor.cz\/wp-content\/uploads\/2021\/05\/Snimek-obrazovky-2021-05-18-v-8.21.27-2.png\" data-elementor-open-lightbox=\"yes\" data-elementor-lightbox-slideshow=\"1855838\" data-e-action-hash=\"#elementor-action%3Aaction%3Dlightbox%26settings%3DeyJpZCI6MzEwMCwidXJsIjoiaHR0cHM6XC9cL3d3dy5pY2FzdG9yLmN6XC93cC1jb250ZW50XC91cGxvYWRzXC8yMDIxXC8wNVwvU25pbWVrLW9icmF6b3ZreS0yMDIxLTA1LTE4LXYtOC4yMS4yNy0yLnBuZyIsInNsaWRlc2hvdyI6IjE4NTU4MzgifQ%3D%3D\">\n\t\t\t\t\t<div class=\"e-gallery-image elementor-gallery-item__image\" data-thumbnail=\"https:\/\/www.icastor.cz\/wp-content\/uploads\/2021\/05\/Snimek-obrazovky-2021-05-18-v-8.21.27-2.png\" data-width=\"800\" data-height=\"566\" aria-label=\"\" role=\"img\" ><\/div>\n\t\t\t\t\t\t\t\t\t\t\t<div class=\"elementor-gallery-item__overlay\"><\/div>\n\t\t\t\t\t\t\t\t\t\t\t\t\t\t<\/a>\n\t\t\t\t\t\t\t<a class=\"e-gallery-item elementor-gallery-item elementor-animated-content\" href=\"https:\/\/www.icastor.cz\/wp-content\/uploads\/2021\/05\/stanek.jpg\" data-elementor-open-lightbox=\"yes\" data-elementor-lightbox-slideshow=\"1855838\" data-e-action-hash=\"#elementor-action%3Aaction%3Dlightbox%26settings%3DeyJpZCI6MzEwMiwidXJsIjoiaHR0cHM6XC9cL3d3dy5pY2FzdG9yLmN6XC93cC1jb250ZW50XC91cGxvYWRzXC8yMDIxXC8wNVwvc3RhbmVrLmpwZyIsInNsaWRlc2hvdyI6IjE4NTU4MzgifQ%3D%3D\">\n\t\t\t\t\t<div class=\"e-gallery-image elementor-gallery-item__image\" data-thumbnail=\"https:\/\/www.icastor.cz\/wp-content\/uploads\/2021\/05\/stanek.jpg\" data-width=\"800\" data-height=\"475\" aria-label=\"\" role=\"img\" ><\/div>\n\t\t\t\t\t\t\t\t\t\t\t<div class=\"elementor-gallery-item__overlay\"><\/div>\n\t\t\t\t\t\t\t\t\t\t\t\t\t\t<\/a>\n\t\t\t\t\t<\/div>\n\t\t\t<\/div>\n\t\t\t\t<\/div>\n\t\t\t\t\t<\/div>\n\t\t<\/div>\n\t\t\t\t\t<\/div>\n\t\t<\/section>\n\t\t\t\t<section class=\"elementor-section elementor-top-section elementor-element elementor-element-a2af9f6 elementor-section-boxed elementor-section-height-default elementor-section-height-default\" data-id=\"a2af9f6\" data-element_type=\"section\" data-settings=\"{&quot;_ha_eqh_enable&quot;:false}\">\n\t\t\t\t\t\t<div class=\"elementor-container elementor-column-gap-default\">\n\t\t\t\t\t<div class=\"elementor-column elementor-col-100 elementor-top-column elementor-element elementor-element-873489b\" data-id=\"873489b\" data-element_type=\"column\">\n\t\t\t<div class=\"elementor-widget-wrap elementor-element-populated\">\n\t\t\t\t\t\t<div class=\"elementor-element elementor-element-25c3670 elementor-widget elementor-widget-text-editor\" data-id=\"25c3670\" data-element_type=\"widget\" data-widget_type=\"text-editor.default\">\n\t\t\t\t<div class=\"elementor-widget-container\">\n\t\t\t\t\t\t\t<p>V\u0161echna pr\u00e1va vyhrazena. Obsah tohoto webu podl\u00e9h\u00e1 autorsk\u00e9mu pr\u00e1vu a ve\u0161ker\u00fd jeho obsah je bez souhlasu provozovatele webu zak\u00e1z\u00e1no kop\u00edrovat, reprodukovat a u\u017e\u00edvat jak\u00fdmkoliv zp\u016fsobem.\u00a0<\/p>\t\t\t\t\t\t<\/div>\n\t\t\t\t<\/div>\n\t\t\t\t\t<\/div>\n\t\t<\/div>\n\t\t\t\t\t<\/div>\n\t\t<\/section>\n\t\t\t\t<footer class=\"elementor-section elementor-top-section elementor-element elementor-element-22426573 elementor-section-height-min-height elementor-section-content-middle elementor-section-boxed elementor-section-height-default elementor-section-items-middle\" data-id=\"22426573\" data-element_type=\"section\" data-settings=\"{&quot;background_background&quot;:&quot;classic&quot;,&quot;_ha_eqh_enable&quot;:false}\">\n\t\t\t\t\t\t<div class=\"elementor-container elementor-column-gap-default\">\n\t\t\t\t\t<div class=\"elementor-column elementor-col-50 elementor-top-column elementor-element elementor-element-45ca3b1c\" data-id=\"45ca3b1c\" data-element_type=\"column\">\n\t\t\t<div class=\"elementor-widget-wrap elementor-element-populated\">\n\t\t\t\t\t\t<div class=\"elementor-element elementor-element-8b6f0d2 elementor-widget elementor-widget-heading\" data-id=\"8b6f0d2\" data-element_type=\"widget\" data-widget_type=\"heading.default\">\n\t\t\t\t<div class=\"elementor-widget-container\">\n\t\t\t<h3 class=\"elementor-heading-title elementor-size-default\">Copyright 2021 \u00a9 Castor Barnoth s.r.o.<\/h3>\t\t<\/div>\n\t\t\t\t<\/div>\n\t\t\t\t\t<\/div>\n\t\t<\/div>\n\t\t\t\t<div class=\"elementor-column elementor-col-50 elementor-top-column elementor-element elementor-element-49c4ac96\" data-id=\"49c4ac96\" data-element_type=\"column\">\n\t\t\t<div class=\"elementor-widget-wrap elementor-element-populated\">\n\t\t\t\t\t\t<div class=\"elementor-element elementor-element-8463df1 elementor-widget elementor-widget-text-editor\" data-id=\"8463df1\" data-element_type=\"widget\" data-widget_type=\"text-editor.default\">\n\t\t\t\t<div class=\"elementor-widget-container\">\n\t\t\t\t\t\t\t<p class=\"elementor-heading-title elementor-size-default elementor-inline-editing pen\" style=\"line-height: 1; margin-bottom: 0px; font-size: 12px;\" title=\"\" data-pen-placeholder=\"Pi\u0161te zde...\">Made by <a href=\"https:\/\/www.amazual.cz\" target=\"_blank\" rel=\"noopener\">AMAZUAL<\/a><\/p>\t\t\t\t\t\t<\/div>\n\t\t\t\t<\/div>\n\t\t\t\t\t<\/div>\n\t\t<\/div>\n\t\t\t\t\t<\/div>\n\t\t<\/footer>\n\t\t\t\t<\/div>\n\t\t","protected":false},"excerpt":{"rendered":"<p>ZP\u011aT projekt Pro \u00fasp\u011b\u0161n\u00fd projekt MIMINOO stav\u00edme dal\u0161\u00ed provozn\u00ed jednotku. Kter\u00e1 by m\u011bla zavr\u0161it cel\u00fd koncept MIMINOO. Otev\u0159en\u00e9 BISTRO uprost\u0159ed parku poskytne n\u00e1v\u0161t\u011bvn\u00edk\u016fm rychl\u00e9 ob\u010derstven\u00ed a informace o cel\u00e9m TOWER PARK. Proto\u017ee toto bistro bude dostupn\u00e9 i GARDEN MIMINOO dopln\u00ed nab\u00eddku t\u00e9to restaurace. V\u0161echna pr\u00e1va vyhrazena. Obsah tohoto webu podl\u00e9h\u00e1 autorsk\u00e9mu pr\u00e1vu a ve\u0161ker\u00fd jeho [&hellip;]<\/p>\n","protected":false},"author":2,"featured_media":0,"parent":0,"menu_order":0,"comment_status":"closed","ping_status":"closed","template":"elementor_canvas","meta":{"inline_featured_image":false,"footnotes":""},"_links":{"self":[{"href":"https:\/\/www.icastor.cz\/index.php\/wp-json\/wp\/v2\/pages\/3096"}],"collection":[{"href":"https:\/\/www.icastor.cz\/index.php\/wp-json\/wp\/v2\/pages"}],"about":[{"href":"https:\/\/www.icastor.cz\/index.php\/wp-json\/wp\/v2\/types\/page"}],"author":[{"embeddable":true,"href":"https:\/\/www.icastor.cz\/index.php\/wp-json\/wp\/v2\/users\/2"}],"replies":[{"embeddable":true,"href":"https:\/\/www.icastor.cz\/index.php\/wp-json\/wp\/v2\/comments?post=3096"}],"version-history":[{"count":0,"href":"https:\/\/www.icastor.cz\/index.php\/wp-json\/wp\/v2\/pages\/3096\/revisions"}],"wp:attachment":[{"href":"https:\/\/www.icastor.cz\/index.php\/wp-json\/wp\/v2\/media?parent=3096"}],"curies":[{"name":"wp","href":"https:\/\/api.w.org\/{rel}","templated":true}]}}