{"id":2208,"date":"2021-04-30T06:57:25","date_gmt":"2021-04-30T06:57:25","guid":{"rendered":"https:\/\/www.icastor.cz\/?page_id=2208"},"modified":"2022-03-08T10:37:25","modified_gmt":"2022-03-08T10:37:25","slug":"rendez-vous","status":"publish","type":"page","link":"https:\/\/www.icastor.cz\/index.php\/rendez-vous\/","title":{"rendered":"Rendez Vous"},"content":{"rendered":"\t\t<div data-elementor-type=\"wp-page\" data-elementor-id=\"2208\" class=\"elementor elementor-2208\" data-elementor-post-type=\"page\">\n\t\t\t\t\t\t<section class=\"elementor-section elementor-top-section elementor-element elementor-element-44fc6b59 elementor-section-boxed elementor-section-height-default elementor-section-height-default elementor-invisible\" data-id=\"44fc6b59\" data-element_type=\"section\" data-settings=\"{&quot;sticky&quot;:&quot;top&quot;,&quot;background_motion_fx_motion_fx_scrolling&quot;:&quot;yes&quot;,&quot;sticky_effects_offset&quot;:50,&quot;animation&quot;:&quot;fadeInDown&quot;,&quot;animation_delay&quot;:500,&quot;background_background&quot;:&quot;classic&quot;,&quot;animation_mobile&quot;:&quot;fadeInDown&quot;,&quot;background_motion_fx_devices&quot;:[&quot;desktop&quot;,&quot;tablet&quot;,&quot;mobile&quot;],&quot;_ha_eqh_enable&quot;:false,&quot;sticky_on&quot;:[&quot;desktop&quot;,&quot;tablet&quot;,&quot;mobile&quot;],&quot;sticky_offset&quot;:0}\">\n\t\t\t\t\t\t<div class=\"elementor-container elementor-column-gap-default\">\n\t\t\t\t\t<div class=\"elementor-column elementor-col-33 elementor-top-column elementor-element elementor-element-653656d6\" data-id=\"653656d6\" data-element_type=\"column\">\n\t\t\t<div class=\"elementor-widget-wrap elementor-element-populated\">\n\t\t\t\t\t\t<div class=\"elementor-element elementor-element-7d0e8026 d-logo elementor-widget elementor-widget-image\" data-id=\"7d0e8026\" data-element_type=\"widget\" data-widget_type=\"image.default\">\n\t\t\t\t<div class=\"elementor-widget-container\">\n\t\t\t\t\t\t\t\t\t\t\t\t\t\t<a href=\"https:\/\/www.icastor.cz\">\n\t\t\t\t\t\t\t<img decoding=\"async\" width=\"1\" height=\"1\" src=\"https:\/\/www.icastor.cz\/wp-content\/uploads\/2021\/05\/castor-logo-svg.svg\" class=\"attachment-full size-full wp-image-2469\" alt=\"\" \/>\t\t\t\t\t\t\t\t<\/a>\n\t\t\t\t\t\t\t\t\t\t\t\t\t<\/div>\n\t\t\t\t<\/div>\n\t\t\t\t\t<\/div>\n\t\t<\/div>\n\t\t\t\t<div class=\"elementor-column elementor-col-33 elementor-top-column elementor-element elementor-element-1763365d\" data-id=\"1763365d\" data-element_type=\"column\">\n\t\t\t<div class=\"elementor-widget-wrap elementor-element-populated\">\n\t\t\t\t\t\t<div class=\"elementor-element elementor-element-72f503d2 elementor-widget elementor-widget-shortcode\" data-id=\"72f503d2\" data-element_type=\"widget\" data-widget_type=\"shortcode.default\">\n\t\t\t\t<div class=\"elementor-widget-container\">\n\t\t\t\t\t<div class=\"elementor-shortcode\"><div class=\"gtranslate_wrapper\" id=\"gt-wrapper-74517272\"><\/div><\/div>\n\t\t\t\t<\/div>\n\t\t\t\t<\/div>\n\t\t\t\t\t<\/div>\n\t\t<\/div>\n\t\t\t\t<div class=\"elementor-column elementor-col-33 elementor-top-column elementor-element elementor-element-46289022\" data-id=\"46289022\" data-element_type=\"column\">\n\t\t\t<div class=\"elementor-widget-wrap elementor-element-populated\">\n\t\t\t\t\t\t<div class=\"elementor-element elementor-element-5e99c7a7 menu-black elementor-widget elementor-widget-image\" data-id=\"5e99c7a7\" data-element_type=\"widget\" data-widget_type=\"image.default\">\n\t\t\t\t<div class=\"elementor-widget-container\">\n\t\t\t\t\t\t\t\t\t\t\t\t\t\t<a href=\"#elementor-action%3Aaction%3Dpopup%3Aopen%26settings%3DeyJpZCI6IjYxMyIsInRvZ2dsZSI6ZmFsc2V9\">\n\t\t\t\t\t\t\t<img decoding=\"async\" width=\"1\" height=\"1\" src=\"https:\/\/www.icastor.cz\/wp-content\/uploads\/2021\/04\/dots-menu.svg\" class=\"attachment-full size-full wp-image-1021\" alt=\"\" \/>\t\t\t\t\t\t\t\t<\/a>\n\t\t\t\t\t\t\t\t\t\t\t\t\t<\/div>\n\t\t\t\t<\/div>\n\t\t\t\t\t<\/div>\n\t\t<\/div>\n\t\t\t\t\t<\/div>\n\t\t<\/section>\n\t\t\t\t<section class=\"elementor-section elementor-top-section elementor-element elementor-element-2619238e elementor-section-height-min-height elementor-section-content-middle elementor-section-boxed elementor-section-height-default elementor-section-items-middle\" data-id=\"2619238e\" data-element_type=\"section\" data-settings=\"{&quot;background_background&quot;:&quot;classic&quot;,&quot;_ha_eqh_enable&quot;:false}\">\n\t\t\t\t\t\t\t<div class=\"elementor-background-overlay\"><\/div>\n\t\t\t\t\t\t\t<div class=\"elementor-container elementor-column-gap-no\">\n\t\t\t\t\t<div class=\"elementor-column elementor-col-50 elementor-top-column elementor-element elementor-element-76c673d4\" data-id=\"76c673d4\" data-element_type=\"column\">\n\t\t\t<div class=\"elementor-widget-wrap elementor-element-populated\">\n\t\t\t\t\t\t<div class=\"elementor-element elementor-element-8a105e1 elementor-mobile-align-center elementor-invisible elementor-widget elementor-widget-button\" data-id=\"8a105e1\" data-element_type=\"widget\" data-settings=\"{&quot;_animation&quot;:&quot;fadeInUp&quot;,&quot;_animation_delay&quot;:1500}\" data-widget_type=\"button.default\">\n\t\t\t\t<div class=\"elementor-widget-container\">\n\t\t\t\t\t<div class=\"elementor-button-wrapper\">\n\t\t\t<a class=\"elementor-button elementor-button-link elementor-size-sm elementor-animation-float\" href=\"\/#realizace\">\n\t\t\t\t\t\t<span class=\"elementor-button-content-wrapper\">\n\t\t\t\t\t\t<span class=\"elementor-button-icon elementor-align-icon-left\">\n\t\t\t\t<i aria-hidden=\"true\" class=\"fas fa-arrow-left\"><\/i>\t\t\t<\/span>\n\t\t\t\t\t\t<span class=\"elementor-button-text\">ZP\u011aT<\/span>\n\t\t<\/span>\n\t\t\t\t\t<\/a>\n\t\t<\/div>\n\t\t\t\t<\/div>\n\t\t\t\t<\/div>\n\t\t\t\t<div class=\"elementor-element elementor-element-700ea21a elementor-widget elementor-widget-heading\" data-id=\"700ea21a\" data-element_type=\"widget\" data-widget_type=\"heading.default\">\n\t\t\t\t<div class=\"elementor-widget-container\">\n\t\t\t<h5 class=\"elementor-heading-title elementor-size-default\">projekt<\/h5>\t\t<\/div>\n\t\t\t\t<\/div>\n\t\t\t\t<div class=\"elementor-element elementor-element-37dfbe66 elementor-widget elementor-widget-heading\" data-id=\"37dfbe66\" data-element_type=\"widget\" data-widget_type=\"heading.default\">\n\t\t\t\t<div class=\"elementor-widget-container\">\n\t\t\t<h2 class=\"elementor-heading-title elementor-size-default\">Rendez Vous<\/h2>\t\t<\/div>\n\t\t\t\t<\/div>\n\t\t\t\t<div class=\"elementor-element elementor-element-305f203 elementor-widget elementor-widget-text-editor\" data-id=\"305f203\" data-element_type=\"widget\" data-widget_type=\"text-editor.default\">\n\t\t\t\t<div class=\"elementor-widget-container\">\n\t\t\t\t\t\t\t<div class=\"page\" title=\"Page 6\"><div class=\"section\"><div class=\"layoutArea\"><div class=\"column\"><p>Navrhli jsme a postavili gastronomicky\u0301 provoz ve dvou c\u030casovy\u0301ch fa\u0301zi\u0301ch. Prvni\u0301 fa\u0301ze 2002 &#8211; 2005 je tzv. doc\u030casna\u0301 mezifa\u0301ze, na ni\u0301z\u030c navazuje hlavni\u0301 projekt coz\u030c je krome\u030c kava\u0301rny, take\u0301 restaurant umi\u0301ste\u030cn v prvni\u0301m podla\u017e\u00ed s pr\u030ci\u0301my\u0301m vstupem z ulice v pra\u017esk\u00e9 Celnici.<\/p><p>V prvni\u0301 fa\u0301zi, tedy bez ve\u030cts\u030ci\u0301ch za\u0301sahu\u030a implementujeme bistro &#8211; kava\u0301rna. Poz\u030cadavek je neforma\u0301lni\u0301 uvolne\u030cny\u0301 styl s vyuz\u030citi\u0301m hlavni\u0301ho potenci\u00e1lu mi\u0301sta, (metro, tramvaj, na\u0301draz\u030ci\u0301, pe\u030cs\u030ci\u0301 zo\u0301na, absolutni\u0301 centrum) a z toho vyply\u0301vaji\u0301ci\u0301 meeting point. Mi\u0301sto pro rychlou schu\u030azku, pro rychle\u0301 rande.<\/p><\/div><\/div><\/div><\/div>\t\t\t\t\t\t<\/div>\n\t\t\t\t<\/div>\n\t\t\t\t\t<\/div>\n\t\t<\/div>\n\t\t\t\t<div class=\"elementor-column elementor-col-50 elementor-top-column elementor-element elementor-element-70d5fd2d\" data-id=\"70d5fd2d\" data-element_type=\"column\">\n\t\t\t<div class=\"elementor-widget-wrap elementor-element-populated\">\n\t\t\t\t\t\t<div class=\"elementor-element elementor-element-860c02c elementor-invisible elementor-widget elementor-widget-image\" data-id=\"860c02c\" data-element_type=\"widget\" data-settings=\"{&quot;_animation&quot;:&quot;fadeInUp&quot;,&quot;_animation_delay&quot;:600}\" data-widget_type=\"image.default\">\n\t\t\t\t<div class=\"elementor-widget-container\">\n\t\t\t\t\t\t\t\t\t\t\t\t\t<img fetchpriority=\"high\" decoding=\"async\" width=\"800\" height=\"486\" src=\"https:\/\/www.icastor.cz\/wp-content\/uploads\/2021\/04\/Snimek-obrazovky-2021-04-30-v-9.00.34-1024x622.png\" class=\"attachment-large size-large wp-image-2217\" alt=\"\" srcset=\"https:\/\/www.icastor.cz\/wp-content\/uploads\/2021\/04\/Snimek-obrazovky-2021-04-30-v-9.00.34-1024x622.png 1024w, https:\/\/www.icastor.cz\/wp-content\/uploads\/2021\/04\/Snimek-obrazovky-2021-04-30-v-9.00.34-300x182.png 300w, https:\/\/www.icastor.cz\/wp-content\/uploads\/2021\/04\/Snimek-obrazovky-2021-04-30-v-9.00.34-768x467.png 768w, https:\/\/www.icastor.cz\/wp-content\/uploads\/2021\/04\/Snimek-obrazovky-2021-04-30-v-9.00.34.png 1400w\" sizes=\"(max-width: 800px) 100vw, 800px\" \/>\t\t\t\t\t\t\t\t\t\t\t\t\t<\/div>\n\t\t\t\t<\/div>\n\t\t\t\t\t<\/div>\n\t\t<\/div>\n\t\t\t\t\t<\/div>\n\t\t<\/section>\n\t\t\t\t<section class=\"elementor-section elementor-top-section elementor-element elementor-element-4552561b elementor-section-content-middle elementor-section-boxed elementor-section-height-default elementor-section-height-default\" data-id=\"4552561b\" data-element_type=\"section\" data-settings=\"{&quot;background_background&quot;:&quot;classic&quot;,&quot;_ha_eqh_enable&quot;:false}\">\n\t\t\t\t\t\t\t<div class=\"elementor-background-overlay\"><\/div>\n\t\t\t\t\t\t\t<div class=\"elementor-container elementor-column-gap-no\">\n\t\t\t\t\t<div class=\"elementor-column elementor-col-100 elementor-top-column elementor-element elementor-element-76276883\" data-id=\"76276883\" data-element_type=\"column\">\n\t\t\t<div class=\"elementor-widget-wrap elementor-element-populated\">\n\t\t\t\t\t\t<div class=\"elementor-element elementor-element-5240de2 elementor-widget elementor-widget-heading\" data-id=\"5240de2\" data-element_type=\"widget\" data-widget_type=\"heading.default\">\n\t\t\t\t<div class=\"elementor-widget-container\">\n\t\t\t<h2 class=\"elementor-heading-title elementor-size-default\">Prohl\u00e9dn\u011bte si zde p\u0159\u00edb\u011bh realizace projektu<\/h2>\t\t<\/div>\n\t\t\t\t<\/div>\n\t\t\t\t<div class=\"elementor-element elementor-element-79847b64 elementor-widget elementor-widget-text-editor\" data-id=\"79847b64\" data-element_type=\"widget\" data-widget_type=\"text-editor.default\">\n\t\t\t\t<div class=\"elementor-widget-container\">\n\t\t\t\t\t\t\t<p>Jak se v\u0161e odehr\u00e1valo v \u010dase<\/p>\t\t\t\t\t\t<\/div>\n\t\t\t\t<\/div>\n\t\t\t\t<div class=\"elementor-element elementor-element-1f80b51f elementor-align-center elementor-mobile-align-center elementor-invisible elementor-widget elementor-widget-button\" data-id=\"1f80b51f\" data-element_type=\"widget\" data-settings=\"{&quot;_animation&quot;:&quot;fadeInUp&quot;,&quot;_animation_delay&quot;:500}\" data-widget_type=\"button.default\">\n\t\t\t\t<div class=\"elementor-widget-container\">\n\t\t\t\t\t<div class=\"elementor-button-wrapper\">\n\t\t\t<a class=\"elementor-button elementor-button-link elementor-size-sm elementor-animation-float\" href=\"https:\/\/www.icastor.cz\/wp-content\/uploads\/2021\/05\/rendez-vous.pdf\" target=\"_blank\">\n\t\t\t\t\t\t<span class=\"elementor-button-content-wrapper\">\n\t\t\t\t\t\t<span class=\"elementor-button-icon elementor-align-icon-right\">\n\t\t\t\t<i aria-hidden=\"true\" class=\"fas fa-download\"><\/i>\t\t\t<\/span>\n\t\t\t\t\t\t<span class=\"elementor-button-text\">PROHL\u00c9DNOUT<\/span>\n\t\t<\/span>\n\t\t\t\t\t<\/a>\n\t\t<\/div>\n\t\t\t\t<\/div>\n\t\t\t\t<\/div>\n\t\t\t\t\t<\/div>\n\t\t<\/div>\n\t\t\t\t\t<\/div>\n\t\t<\/section>\n\t\t\t\t<section class=\"elementor-section elementor-top-section elementor-element elementor-element-6a169aa elementor-section-boxed elementor-section-height-default elementor-section-height-default\" data-id=\"6a169aa\" data-element_type=\"section\" data-settings=\"{&quot;_ha_eqh_enable&quot;:false}\">\n\t\t\t\t\t\t<div class=\"elementor-container elementor-column-gap-default\">\n\t\t\t\t\t<div class=\"elementor-column elementor-col-100 elementor-top-column elementor-element elementor-element-1c1dfb0\" data-id=\"1c1dfb0\" data-element_type=\"column\">\n\t\t\t<div class=\"elementor-widget-wrap elementor-element-populated\">\n\t\t\t\t\t\t<div class=\"elementor-element elementor-element-1855838 elementor-widget elementor-widget-gallery\" data-id=\"1855838\" data-element_type=\"widget\" data-settings=\"{&quot;gallery_layout&quot;:&quot;justified&quot;,&quot;gap&quot;:{&quot;unit&quot;:&quot;px&quot;,&quot;size&quot;:30,&quot;sizes&quot;:[]},&quot;ideal_row_height&quot;:{&quot;unit&quot;:&quot;px&quot;,&quot;size&quot;:255,&quot;sizes&quot;:[]},&quot;lazyload&quot;:&quot;yes&quot;,&quot;ideal_row_height_tablet&quot;:{&quot;unit&quot;:&quot;px&quot;,&quot;size&quot;:150,&quot;sizes&quot;:[]},&quot;ideal_row_height_mobile&quot;:{&quot;unit&quot;:&quot;px&quot;,&quot;size&quot;:150,&quot;sizes&quot;:[]},&quot;gap_tablet&quot;:{&quot;unit&quot;:&quot;px&quot;,&quot;size&quot;:10,&quot;sizes&quot;:[]},&quot;gap_mobile&quot;:{&quot;unit&quot;:&quot;px&quot;,&quot;size&quot;:10,&quot;sizes&quot;:[]},&quot;link_to&quot;:&quot;file&quot;,&quot;overlay_background&quot;:&quot;yes&quot;,&quot;content_hover_animation&quot;:&quot;fade-in&quot;}\" data-widget_type=\"gallery.default\">\n\t\t\t\t<div class=\"elementor-widget-container\">\n\t\t\t\t\t<div class=\"elementor-gallery__container\">\n\t\t\t\t\t\t\t<a class=\"e-gallery-item elementor-gallery-item elementor-animated-content\" href=\"https:\/\/www.icastor.cz\/wp-content\/uploads\/2021\/04\/Snimek-obrazovky-2021-04-30-v-9.01.40.png\" data-elementor-open-lightbox=\"yes\" data-elementor-lightbox-slideshow=\"1855838\" data-e-action-hash=\"#elementor-action%3Aaction%3Dlightbox%26settings%3DeyJpZCI6MjIyMSwidXJsIjoiaHR0cHM6XC9cL3d3dy5pY2FzdG9yLmN6XC93cC1jb250ZW50XC91cGxvYWRzXC8yMDIxXC8wNFwvU25pbWVrLW9icmF6b3ZreS0yMDIxLTA0LTMwLXYtOS4wMS40MC5wbmciLCJzbGlkZXNob3ciOiIxODU1ODM4In0%3D\">\n\t\t\t\t\t<div class=\"e-gallery-image elementor-gallery-item__image\" data-thumbnail=\"https:\/\/www.icastor.cz\/wp-content\/uploads\/2021\/04\/Snimek-obrazovky-2021-04-30-v-9.01.40-798x1024.png\" data-width=\"798\" data-height=\"1024\" aria-label=\"\" role=\"img\" ><\/div>\n\t\t\t\t\t\t\t\t\t\t\t<div class=\"elementor-gallery-item__overlay\"><\/div>\n\t\t\t\t\t\t\t\t\t\t\t\t\t\t<\/a>\n\t\t\t\t\t\t\t<a class=\"e-gallery-item elementor-gallery-item elementor-animated-content\" href=\"https:\/\/www.icastor.cz\/wp-content\/uploads\/2021\/04\/Snimek-obrazovky-2021-04-30-v-9.00.06.png\" data-elementor-open-lightbox=\"yes\" data-elementor-lightbox-slideshow=\"1855838\" data-e-action-hash=\"#elementor-action%3Aaction%3Dlightbox%26settings%3DeyJpZCI6MjIxNSwidXJsIjoiaHR0cHM6XC9cL3d3dy5pY2FzdG9yLmN6XC93cC1jb250ZW50XC91cGxvYWRzXC8yMDIxXC8wNFwvU25pbWVrLW9icmF6b3ZreS0yMDIxLTA0LTMwLXYtOS4wMC4wNi5wbmciLCJzbGlkZXNob3ciOiIxODU1ODM4In0%3D\">\n\t\t\t\t\t<div class=\"e-gallery-image elementor-gallery-item__image\" data-thumbnail=\"https:\/\/www.icastor.cz\/wp-content\/uploads\/2021\/04\/Snimek-obrazovky-2021-04-30-v-9.00.06-1024x609.png\" data-width=\"800\" data-height=\"476\" aria-label=\"\" role=\"img\" ><\/div>\n\t\t\t\t\t\t\t\t\t\t\t<div class=\"elementor-gallery-item__overlay\"><\/div>\n\t\t\t\t\t\t\t\t\t\t\t\t\t\t<\/a>\n\t\t\t\t\t\t\t<a class=\"e-gallery-item elementor-gallery-item elementor-animated-content\" href=\"https:\/\/www.icastor.cz\/wp-content\/uploads\/2021\/04\/Snimek-obrazovky-2021-04-30-v-9.01.12.png\" data-elementor-open-lightbox=\"yes\" data-elementor-lightbox-slideshow=\"1855838\" data-e-action-hash=\"#elementor-action%3Aaction%3Dlightbox%26settings%3DeyJpZCI6MjIxOSwidXJsIjoiaHR0cHM6XC9cL3d3dy5pY2FzdG9yLmN6XC93cC1jb250ZW50XC91cGxvYWRzXC8yMDIxXC8wNFwvU25pbWVrLW9icmF6b3ZreS0yMDIxLTA0LTMwLXYtOS4wMS4xMi5wbmciLCJzbGlkZXNob3ciOiIxODU1ODM4In0%3D\">\n\t\t\t\t\t<div class=\"e-gallery-image elementor-gallery-item__image\" data-thumbnail=\"https:\/\/www.icastor.cz\/wp-content\/uploads\/2021\/04\/Snimek-obrazovky-2021-04-30-v-9.01.12-1024x664.png\" data-width=\"800\" data-height=\"519\" aria-label=\"\" role=\"img\" ><\/div>\n\t\t\t\t\t\t\t\t\t\t\t<div class=\"elementor-gallery-item__overlay\"><\/div>\n\t\t\t\t\t\t\t\t\t\t\t\t\t\t<\/a>\n\t\t\t\t\t\t\t<a class=\"e-gallery-item elementor-gallery-item elementor-animated-content\" href=\"https:\/\/www.icastor.cz\/wp-content\/uploads\/2021\/04\/Snimek-obrazovky-2021-04-30-v-9.00.34.png\" data-elementor-open-lightbox=\"yes\" data-elementor-lightbox-slideshow=\"1855838\" data-e-action-hash=\"#elementor-action%3Aaction%3Dlightbox%26settings%3DeyJpZCI6MjIxNywidXJsIjoiaHR0cHM6XC9cL3d3dy5pY2FzdG9yLmN6XC93cC1jb250ZW50XC91cGxvYWRzXC8yMDIxXC8wNFwvU25pbWVrLW9icmF6b3ZreS0yMDIxLTA0LTMwLXYtOS4wMC4zNC5wbmciLCJzbGlkZXNob3ciOiIxODU1ODM4In0%3D\">\n\t\t\t\t\t<div class=\"e-gallery-image elementor-gallery-item__image\" data-thumbnail=\"https:\/\/www.icastor.cz\/wp-content\/uploads\/2021\/04\/Snimek-obrazovky-2021-04-30-v-9.00.34-1024x622.png\" data-width=\"800\" data-height=\"486\" aria-label=\"\" role=\"img\" ><\/div>\n\t\t\t\t\t\t\t\t\t\t\t<div class=\"elementor-gallery-item__overlay\"><\/div>\n\t\t\t\t\t\t\t\t\t\t\t\t\t\t<\/a>\n\t\t\t\t\t\t\t<a class=\"e-gallery-item elementor-gallery-item elementor-animated-content\" href=\"https:\/\/www.icastor.cz\/wp-content\/uploads\/2021\/04\/Snimek-obrazovky-2021-04-30-v-9.01.21.png\" data-elementor-open-lightbox=\"yes\" data-elementor-lightbox-slideshow=\"1855838\" data-e-action-hash=\"#elementor-action%3Aaction%3Dlightbox%26settings%3DeyJpZCI6MjIyMCwidXJsIjoiaHR0cHM6XC9cL3d3dy5pY2FzdG9yLmN6XC93cC1jb250ZW50XC91cGxvYWRzXC8yMDIxXC8wNFwvU25pbWVrLW9icmF6b3ZreS0yMDIxLTA0LTMwLXYtOS4wMS4yMS5wbmciLCJzbGlkZXNob3ciOiIxODU1ODM4In0%3D\">\n\t\t\t\t\t<div class=\"e-gallery-image elementor-gallery-item__image\" data-thumbnail=\"https:\/\/www.icastor.cz\/wp-content\/uploads\/2021\/04\/Snimek-obrazovky-2021-04-30-v-9.01.21-831x1024.png\" data-width=\"800\" data-height=\"986\" aria-label=\"\" role=\"img\" ><\/div>\n\t\t\t\t\t\t\t\t\t\t\t<div class=\"elementor-gallery-item__overlay\"><\/div>\n\t\t\t\t\t\t\t\t\t\t\t\t\t\t<\/a>\n\t\t\t\t\t\t\t<a class=\"e-gallery-item elementor-gallery-item elementor-animated-content\" href=\"https:\/\/www.icastor.cz\/wp-content\/uploads\/2021\/04\/Snimek-obrazovky-2021-04-30-v-9.00.26.png\" data-elementor-open-lightbox=\"yes\" data-elementor-lightbox-slideshow=\"1855838\" data-e-action-hash=\"#elementor-action%3Aaction%3Dlightbox%26settings%3DeyJpZCI6MjIxNiwidXJsIjoiaHR0cHM6XC9cL3d3dy5pY2FzdG9yLmN6XC93cC1jb250ZW50XC91cGxvYWRzXC8yMDIxXC8wNFwvU25pbWVrLW9icmF6b3ZreS0yMDIxLTA0LTMwLXYtOS4wMC4yNi5wbmciLCJzbGlkZXNob3ciOiIxODU1ODM4In0%3D\">\n\t\t\t\t\t<div class=\"e-gallery-image elementor-gallery-item__image\" data-thumbnail=\"https:\/\/www.icastor.cz\/wp-content\/uploads\/2021\/04\/Snimek-obrazovky-2021-04-30-v-9.00.26-1024x601.png\" data-width=\"800\" data-height=\"470\" aria-label=\"\" role=\"img\" ><\/div>\n\t\t\t\t\t\t\t\t\t\t\t<div class=\"elementor-gallery-item__overlay\"><\/div>\n\t\t\t\t\t\t\t\t\t\t\t\t\t\t<\/a>\n\t\t\t\t\t\t\t<a class=\"e-gallery-item elementor-gallery-item elementor-animated-content\" href=\"https:\/\/www.icastor.cz\/wp-content\/uploads\/2021\/04\/Snimek-obrazovky-2021-04-30-v-9.00.46.png\" data-elementor-open-lightbox=\"yes\" data-elementor-lightbox-slideshow=\"1855838\" data-e-action-hash=\"#elementor-action%3Aaction%3Dlightbox%26settings%3DeyJpZCI6MjIxOCwidXJsIjoiaHR0cHM6XC9cL3d3dy5pY2FzdG9yLmN6XC93cC1jb250ZW50XC91cGxvYWRzXC8yMDIxXC8wNFwvU25pbWVrLW9icmF6b3ZreS0yMDIxLTA0LTMwLXYtOS4wMC40Ni5wbmciLCJzbGlkZXNob3ciOiIxODU1ODM4In0%3D\">\n\t\t\t\t\t<div class=\"e-gallery-image elementor-gallery-item__image\" data-thumbnail=\"https:\/\/www.icastor.cz\/wp-content\/uploads\/2021\/04\/Snimek-obrazovky-2021-04-30-v-9.00.46-1024x629.png\" data-width=\"800\" data-height=\"491\" aria-label=\"\" role=\"img\" ><\/div>\n\t\t\t\t\t\t\t\t\t\t\t<div class=\"elementor-gallery-item__overlay\"><\/div>\n\t\t\t\t\t\t\t\t\t\t\t\t\t\t<\/a>\n\t\t\t\t\t<\/div>\n\t\t\t<\/div>\n\t\t\t\t<\/div>\n\t\t\t\t\t<\/div>\n\t\t<\/div>\n\t\t\t\t\t<\/div>\n\t\t<\/section>\n\t\t\t\t<section class=\"elementor-section elementor-top-section elementor-element elementor-element-a2af9f6 elementor-section-boxed elementor-section-height-default elementor-section-height-default\" data-id=\"a2af9f6\" data-element_type=\"section\" data-settings=\"{&quot;_ha_eqh_enable&quot;:false}\">\n\t\t\t\t\t\t<div class=\"elementor-container elementor-column-gap-default\">\n\t\t\t\t\t<div class=\"elementor-column elementor-col-100 elementor-top-column elementor-element elementor-element-873489b\" data-id=\"873489b\" data-element_type=\"column\">\n\t\t\t<div class=\"elementor-widget-wrap elementor-element-populated\">\n\t\t\t\t\t\t<div class=\"elementor-element elementor-element-25c3670 elementor-widget elementor-widget-text-editor\" data-id=\"25c3670\" data-element_type=\"widget\" data-widget_type=\"text-editor.default\">\n\t\t\t\t<div class=\"elementor-widget-container\">\n\t\t\t\t\t\t\t<p>V\u0161echna pr\u00e1va vyhrazena. Obsah tohoto webu podl\u00e9h\u00e1 autorsk\u00e9mu pr\u00e1vu a ve\u0161ker\u00fd jeho obsah je bez souhlasu provozovatele webu zak\u00e1z\u00e1no kop\u00edrovat, reprodukovat a u\u017e\u00edvat jak\u00fdmkoliv zp\u016fsobem.\u00a0<\/p>\t\t\t\t\t\t<\/div>\n\t\t\t\t<\/div>\n\t\t\t\t\t<\/div>\n\t\t<\/div>\n\t\t\t\t\t<\/div>\n\t\t<\/section>\n\t\t\t\t<footer class=\"elementor-section elementor-top-section elementor-element elementor-element-22426573 elementor-section-height-min-height elementor-section-content-middle elementor-section-boxed elementor-section-height-default elementor-section-items-middle\" data-id=\"22426573\" data-element_type=\"section\" data-settings=\"{&quot;background_background&quot;:&quot;classic&quot;,&quot;_ha_eqh_enable&quot;:false}\">\n\t\t\t\t\t\t<div class=\"elementor-container elementor-column-gap-default\">\n\t\t\t\t\t<div class=\"elementor-column elementor-col-50 elementor-top-column elementor-element elementor-element-45ca3b1c\" data-id=\"45ca3b1c\" data-element_type=\"column\">\n\t\t\t<div class=\"elementor-widget-wrap elementor-element-populated\">\n\t\t\t\t\t\t<div class=\"elementor-element elementor-element-8b6f0d2 elementor-widget elementor-widget-heading\" data-id=\"8b6f0d2\" data-element_type=\"widget\" data-widget_type=\"heading.default\">\n\t\t\t\t<div class=\"elementor-widget-container\">\n\t\t\t<h3 class=\"elementor-heading-title elementor-size-default\">Copyright 2021 \u00a9 Castor Barnoth s.r.o.<\/h3>\t\t<\/div>\n\t\t\t\t<\/div>\n\t\t\t\t\t<\/div>\n\t\t<\/div>\n\t\t\t\t<div class=\"elementor-column elementor-col-50 elementor-top-column elementor-element elementor-element-49c4ac96\" data-id=\"49c4ac96\" data-element_type=\"column\">\n\t\t\t<div class=\"elementor-widget-wrap elementor-element-populated\">\n\t\t\t\t\t\t<div class=\"elementor-element elementor-element-8463df1 elementor-widget elementor-widget-text-editor\" data-id=\"8463df1\" data-element_type=\"widget\" data-widget_type=\"text-editor.default\">\n\t\t\t\t<div class=\"elementor-widget-container\">\n\t\t\t\t\t\t\t<p class=\"elementor-heading-title elementor-size-default elementor-inline-editing pen\" style=\"line-height: 1; margin-bottom: 0px; font-size: 12px;\" title=\"\" data-pen-placeholder=\"Pi\u0161te zde...\">Made by <a href=\"https:\/\/www.amazual.cz\" target=\"_blank\" rel=\"noopener\">AMAZUAL<\/a><\/p>\t\t\t\t\t\t<\/div>\n\t\t\t\t<\/div>\n\t\t\t\t\t<\/div>\n\t\t<\/div>\n\t\t\t\t\t<\/div>\n\t\t<\/footer>\n\t\t\t\t<\/div>\n\t\t","protected":false},"excerpt":{"rendered":"<p>ZP\u011aT projekt Navrhli jsme a postavili gastronomicky\u0301 provoz ve dvou c\u030casovy\u0301ch fa\u0301zi\u0301ch. Prvni\u0301 fa\u0301ze 2002 &#8211; 2005 je tzv. doc\u030casna\u0301 mezifa\u0301ze, na ni\u0301z\u030c navazuje hlavni\u0301 projekt coz\u030c je krome\u030c kava\u0301rny, take\u0301 restaurant umi\u0301ste\u030cn v prvni\u0301m podla\u017e\u00ed s pr\u030ci\u0301my\u0301m vstupem z ulice v pra\u017esk\u00e9 Celnici. V prvni\u0301 fa\u0301zi, tedy bez ve\u030cts\u030ci\u0301ch za\u0301sahu\u030a implementujeme bistro &#8211; kava\u0301rna. [&hellip;]<\/p>\n","protected":false},"author":2,"featured_media":0,"parent":0,"menu_order":0,"comment_status":"closed","ping_status":"closed","template":"elementor_canvas","meta":{"inline_featured_image":false,"footnotes":""},"_links":{"self":[{"href":"https:\/\/www.icastor.cz\/index.php\/wp-json\/wp\/v2\/pages\/2208"}],"collection":[{"href":"https:\/\/www.icastor.cz\/index.php\/wp-json\/wp\/v2\/pages"}],"about":[{"href":"https:\/\/www.icastor.cz\/index.php\/wp-json\/wp\/v2\/types\/page"}],"author":[{"embeddable":true,"href":"https:\/\/www.icastor.cz\/index.php\/wp-json\/wp\/v2\/users\/2"}],"replies":[{"embeddable":true,"href":"https:\/\/www.icastor.cz\/index.php\/wp-json\/wp\/v2\/comments?post=2208"}],"version-history":[{"count":0,"href":"https:\/\/www.icastor.cz\/index.php\/wp-json\/wp\/v2\/pages\/2208\/revisions"}],"wp:attachment":[{"href":"https:\/\/www.icastor.cz\/index.php\/wp-json\/wp\/v2\/media?parent=2208"}],"curies":[{"name":"wp","href":"https:\/\/api.w.org\/{rel}","templated":true}]}}